{"id":47,"date":"2022-10-04T18:38:40","date_gmt":"2022-10-04T16:38:40","guid":{"rendered":"http:\/\/jankakistner.dvanaweb.cz\/?page_id=47"},"modified":"2023-03-14T11:04:38","modified_gmt":"2023-03-14T10:04:38","slug":"uvodni-stranka","status":"publish","type":"page","link":"https:\/\/www.janka-kistner.com\/en\/","title":{"rendered":"\u00davodn\u00e1 str\u00e1nka"},"content":{"rendered":"\n<div class=\"wp-block-cover alignfull is-light\" id=\"intro\"><span aria-hidden=\"true\" class=\"wp-block-cover__background has-background-dim-0 has-background-dim\"><\/span><img loading=\"lazy\" decoding=\"async\" width=\"2048\" height=\"1366\" class=\"wp-block-cover__image-background wp-image-59\" alt=\"\" src=\"https:\/\/www.janka-kistner.com\/en\/wp-content\/uploads\/sites\/2\/2022\/10\/142A6661-Edit.jpg\" style=\"object-position:71% 3%\" data-object-fit=\"cover\" data-object-position=\"71% 3%\" srcset=\"https:\/\/www.janka-kistner.com\/en\/wp-content\/uploads\/sites\/2\/2022\/10\/142A6661-Edit.jpg 2048w, https:\/\/www.janka-kistner.com\/en\/wp-content\/uploads\/sites\/2\/2022\/10\/142A6661-Edit-450x300.jpg 450w, https:\/\/www.janka-kistner.com\/en\/wp-content\/uploads\/sites\/2\/2022\/10\/142A6661-Edit-1535x1024.jpg 1535w, https:\/\/www.janka-kistner.com\/en\/wp-content\/uploads\/sites\/2\/2022\/10\/142A6661-Edit-768x512.jpg 768w, https:\/\/www.janka-kistner.com\/en\/wp-content\/uploads\/sites\/2\/2022\/10\/142A6661-Edit-1600x1067.jpg 1600w, https:\/\/www.janka-kistner.com\/en\/wp-content\/uploads\/sites\/2\/2022\/10\/142A6661-Edit-1536x1025.jpg 1536w, https:\/\/www.janka-kistner.com\/en\/wp-content\/uploads\/sites\/2\/2022\/10\/142A6661-Edit-1200x800.jpg 1200w, https:\/\/www.janka-kistner.com\/en\/wp-content\/uploads\/sites\/2\/2022\/10\/142A6661-Edit-1980x1321.jpg 1980w, https:\/\/www.janka-kistner.com\/en\/wp-content\/uploads\/sites\/2\/2022\/10\/142A6661-Edit-300x200.jpg 300w, https:\/\/www.janka-kistner.com\/en\/wp-content\/uploads\/sites\/2\/2022\/10\/142A6661-Edit-1024x683.jpg 1024w\" sizes=\"(max-width: 2048px) 100vw, 2048px\" \/><div class=\"wp-block-cover__inner-container is-layout-flow wp-block-cover-is-layout-flow\">\n<div class=\"intro-overlay\"><\/div>\n\n\n\n<div class=\"wp-block-columns alignwide is-layout-flex wp-container-core-columns-layout-1 wp-block-columns-is-layout-flex\">\n<div class=\"wp-block-column is-layout-flow wp-block-column-is-layout-flow\" style=\"flex-basis:38.2%\"><div class=\"wp-block-image\">\n<figure class=\"aligncenter size-full is-resized\"><img decoding=\"async\" src=\"https:\/\/www.janka-kistner.com\/en\/wp-content\/uploads\/sites\/2\/2022\/10\/janka_logo_transparent.png\" alt=\"\" class=\"wp-image-78\" width=\"400\" srcset=\"https:\/\/www.janka-kistner.com\/en\/wp-content\/uploads\/sites\/2\/2022\/10\/janka_logo_transparent.png 999w, https:\/\/www.janka-kistner.com\/en\/wp-content\/uploads\/sites\/2\/2022\/10\/janka_logo_transparent-663x300.png 663w, https:\/\/www.janka-kistner.com\/en\/wp-content\/uploads\/sites\/2\/2022\/10\/janka_logo_transparent-768x347.png 768w, https:\/\/www.janka-kistner.com\/en\/wp-content\/uploads\/sites\/2\/2022\/10\/janka_logo_transparent-300x136.png 300w\" sizes=\"(max-width: 999px) 100vw, 999px\" \/><\/figure><\/div>\n\n\n<hr class=\"wp-block-separator has-alpha-channel-opacity small white-space\"\/>\n\n\n\n<p class=\"has-text-align-center has-background-color has-text-color\">&nbsp;&#8220;There is an island of peace, tranquility and hope&#8230; It is within each of us, but each of us has to find it on our own. It is hidden beneath the layers of worries, fears and prejudices, at the very center of our soul.&#8221; Jan Mendel<\/p>\n\n\n\n<p class=\"has-text-align-center has-background-color has-text-color\">With The Journey Therapy, I will help you find YOUR &#8220;island&#8221;, YOUR inner freedom that will open the door to the healing processes of your body and your soul.<\/p>\n\n\n\n<hr class=\"wp-block-separator has-alpha-channel-opacity small white-space\"\/>\n\n\n\n<div class=\"wp-block-buttons is-content-justification-center is-layout-flex wp-container-core-buttons-layout-1 wp-block-buttons-is-layout-flex\">\n<div class=\"wp-block-button\"><a class=\"wp-block-button__link wp-element-button\" href=\"\/en\/contacts#reservation\">book your session<\/a><\/div>\n<\/div>\n\n\n\n<hr class=\"wp-block-separator has-alpha-channel-opacity white-space medium\"\/>\n\n\n\n<div class=\"wp-block-buttons is-content-justification-center is-layout-flex wp-container-core-buttons-layout-2 wp-block-buttons-is-layout-flex\">\n<div class=\"wp-block-button next\"><a class=\"wp-block-button__link wp-element-button\" href=\"#intro-2\">next<\/a><\/div>\n<\/div>\n<\/div>\n\n\n\n<div class=\"wp-block-column is-layout-flow wp-block-column-is-layout-flow\" style=\"flex-basis:66.66%\"><\/div>\n<\/div>\n<\/div><\/div>\n\n\n\n<div class=\"wp-block-group alignfull is-layout-flow wp-block-group-is-layout-flow\" id=\"intro-2\"><div class=\"wp-block-group__inner-container\">\n<div class=\"wp-block-columns alignwide are-vertically-aligned-center is-layout-flex wp-container-core-columns-layout-2 wp-block-columns-is-layout-flex\">\n<div class=\"wp-block-column is-vertically-aligned-center is-layout-flow wp-block-column-is-layout-flow\" style=\"flex-basis:40%\">\n<figure class=\"wp-block-image alignfull size-large is-style-default\"><img loading=\"lazy\" decoding=\"async\" width=\"1015\" height=\"1024\" src=\"https:\/\/www.janka-kistner.com\/en\/wp-content\/uploads\/sites\/2\/2022\/11\/JK_prvky_Janav-kruhu-1015x1024.png\" alt=\"\" class=\"wp-image-369\" srcset=\"https:\/\/www.janka-kistner.com\/en\/wp-content\/uploads\/sites\/2\/2022\/11\/JK_prvky_Janav-kruhu-1015x1024.png 1015w, https:\/\/www.janka-kistner.com\/en\/wp-content\/uploads\/sites\/2\/2022\/11\/JK_prvky_Janav-kruhu-297x300.png 297w, https:\/\/www.janka-kistner.com\/en\/wp-content\/uploads\/sites\/2\/2022\/11\/JK_prvky_Janav-kruhu-768x775.png 768w, https:\/\/www.janka-kistner.com\/en\/wp-content\/uploads\/sites\/2\/2022\/11\/JK_prvky_Janav-kruhu-1200x1210.png 1200w, https:\/\/www.janka-kistner.com\/en\/wp-content\/uploads\/sites\/2\/2022\/11\/JK_prvky_Janav-kruhu.png 1500w\" sizes=\"(max-width: 1015px) 100vw, 1015px\" \/><\/figure>\n<\/div>\n\n\n\n<div class=\"wp-block-column is-vertically-aligned-center is-layout-flow wp-block-column-is-layout-flow\" style=\"flex-basis:66.66%\">\n<p class=\"has-background-color has-text-color\">WELCOME to my web site. My name is Janka Kistner, I am an accredited therapist of the Journey Method. I help people find their inner freedom. Using the Journey Method, we look at the blocks that are keeping you from living your life fully, in its full beauty and authenticity. We are each unique, and inner freedom means something different to each of us. That&#8217;s why I combine my work with my knowledge of the Enneagram and Reiki. We each deserve to live our own potential to the fullest.<\/p>\n\n\n\n<div class=\"wp-block-buttons is-content-justification-left is-layout-flex wp-container-core-buttons-layout-3 wp-block-buttons-is-layout-flex\">\n<div class=\"wp-block-button\"><a class=\"wp-block-button__link wp-element-button\" href=\"\/en\/about-me\">read more about me<\/a><\/div>\n<\/div>\n<\/div>\n<\/div>\n<\/div><\/div>\n\n\n\n<h2 class=\"has-text-align-center has-background-color has-text-color wp-block-heading\">HOW CAN I&nbsp;HELP YOU<\/h2>\n\n\n\n<div class=\"wp-block-group alignwide list-2 list-3 has-background-background-color has-background is-layout-flow wp-block-group-is-layout-flow\" id=\"sluzby\"><div class=\"wp-block-group__inner-container\">\n<div class=\"wp-block-columns alignfull is-layout-flex wp-container-core-columns-layout-3 wp-block-columns-is-layout-flex\">\n<div class=\"wp-block-column is-layout-flow wp-block-column-is-layout-flow\">\n<h3 class=\"has-text-align-center JuliettaMessie smrnc wp-block-heading\">Fireworks of feelings<\/h3>\n\n\n\n<p class=\"has-text-align-center\">Do you feel your emotions are like fireworks? Sometimes they explode unexpectedly and can&#8217;t be controlled, sometimes they are beautifully played out, but they are very loud and you don&#8217;t know in what form they will show up. Or sometimes you can&#8217;t and don&#8217;t ignite them, they are completely extinguished, until they are buried deep in the ground, until you feel an emptiness inside you.<\/p>\n<\/div>\n\n\n\n<div class=\"wp-block-column is-layout-flow wp-block-column-is-layout-flow\">\n<h3 class=\"has-text-align-center JuliettaMessie smrnc wp-block-heading\">The cycle of busyness<\/h3>\n\n\n\n<p class=\"has-text-align-center\">Do you feel like you&#8217;re in a cycle and not stopping? You feel like you\u2019re on a hamster wheel. You don&#8217;t have a minute to stop and make a change in your life for your benefit. There is always something more important than your personal needs.<\/p>\n<\/div>\n<\/div>\n\n\n\n<hr class=\"wp-block-separator has-alpha-channel-opacity small white-space\"\/>\n\n\n\n<div class=\"wp-block-columns alignfull is-layout-flex wp-container-core-columns-layout-4 wp-block-columns-is-layout-flex\">\n<div class=\"wp-block-column is-layout-flow wp-block-column-is-layout-flow\">\n<h3 class=\"has-text-align-center JuliettaMessie smrnc wp-block-heading\">Expats<\/h3>\n\n\n\n<p class=\"has-text-align-center\">Are you a foreigner or living abroad? No one understands you and no one can understand your needs? You don&#8217;t have your family or anyone to support you and help you in hard times? Do you feel emptiness, frustration and burnout on every level?<\/p>\n<\/div>\n\n\n\n<div class=\"wp-block-column is-layout-flow wp-block-column-is-layout-flow\">\n<h3 class=\"has-text-align-center JuliettaMessie smrnc wp-block-heading\">Inner balance<\/h3>\n\n\n\n<p class=\"has-text-align-center\">When we find our inner balance, the door is opened to our potential and we can finally live it in its full magnificence. We each deserve to be free from the inner saboteurs that keep us from living a full life on a conscious level.&nbsp;<\/p>\n<\/div>\n<\/div>\n\n\n\n<hr class=\"wp-block-separator has-alpha-channel-opacity large white-space\"\/>\n\n\n\n<div class=\"wp-block-buttons is-content-justification-center is-layout-flex wp-container-core-buttons-layout-4 wp-block-buttons-is-layout-flex\">\n<div class=\"wp-block-button\"><a class=\"wp-block-button__link wp-element-button\" href=\"\/en\/services\">Find out more about my offer<\/a><\/div>\n<\/div>\n<\/div><\/div>\n\n\n\n<h2 class=\"has-text-align-center lotos has-background-color has-text-color wp-block-heading\">Your feedback<\/h2>\n\n\n\n<div class=\"wp-block-group alignwide reference has-background-background-color has-background is-layout-flow wp-block-group-is-layout-flow\" id=\"reference\"><div class=\"wp-block-group__inner-container\"><div id=\"gutenslider-nlki7ih91\" class=\"wp-block-eedee-block-gutenslider gs-frontend content-change alignfull arrow-style-1 arrow-position-sides arrow-mb-none arrows-lg arrows-md arrows-sm dot-style-1 dots-lg dots-md dots-sm dot-position-bottom is-position-center-center mb-none wrap-auto-height\" data-parallax-direction=\"down\" data-parallax-amount=\"1.3\" data-lg-transition=\"lg-slide\" data-hash=\"\" ><div class=\"eedee-swiper-outer\" style=\"--gutenslider-min-height: 20vh;--gutenslider-arrow-size: 30px;--gutenslider-dot-size: 25px;--gutenslider-arrow-color: #ffffff;--gutenslider-dot-color: #ffffff;--gutenslider-padding-y-mobile: 40px;--gutenslider-padding-x-mobile: 40px;--gutenslider-padding-y-tablet: 40px;--gutenslider-padding-x-tablet: 40px;--gutenslider-padding-y-desktop: 40px;--gutenslider-padding-x-desktop: 40px;--gutenslider-bg-image: url();--gutenslider-min-height-md: 50vh;--gutenslider-min-height-sm: 50vh;--gutenslider-padding-x: 40px;--gutenslider-padding-x-md: 40px;--gutenslider-padding-x-sm: 20px;--gutenslider-padding-y: 40px;--gutenslider-padding-y-md: 40px;--gutenslider-padding-y-sm: 20px;--gutenslider-arrow-size-md: 30px;--gutenslider-arrow-size-sm: 30px;--gutenslider-dot-size-md: 25px;--gutenslider-dot-size-sm: 25px;--gutenslider-arrow-bg-color: transparent;--gutenslider-arrow-hover-color: #eeeeee;--gutenslider-arrow-bg-hover-color: transparent;--gutenslider-arrow-x-offset: 10px;--gutenslider-arrow-x-offset-md: 10px;--gutenslider-arrow-x-offset-sm: 10px;--gutenslider-arrow-y-offset: 0px;--gutenslider-arrow-y-offset-md: 0px;--gutenslider-arrow-y-offset-sm: 0px;--gutenslider-arrow-x-spacing: 0px;--gutenslider-dot-y-offset: 10px;--gutenslider-dot-y-offset-md: 10px;--gutenslider-dot-y-offset-sm: 10px;--gutenslider-margin-x: 0px;--gutenslider-margin-x-md: 0px;--gutenslider-margin-x-sm: 0px;--gutenslider-margin-y: 0px;--gutenslider-margin-y-md: 0px;--gutenslider-margin-y-sm: 0px;--gutenslider-divider-top: 60px;--gutenslider-divider-bottom: 60px;--gutenslider-lightgallery-bg: #ffffff;--gutenslider-lightgallery-font: #000000;--gs-first-pos: 50% 50%;--gs-gap-vertical: var( --wp--style--gallery-gap-default, var( --gallery-block--gutter-size, var( --wp--style--block-gap, 0.5em ) ) );--gs-gap-horizontal: var( --wp--style--gallery-gap-default, var( --gallery-block--gutter-size, var( --wp--style--block-gap, 0.5em ) ) );\"><div class=\"gutenslider-divider-top\" style=\"color:#fff;\"><\/div><div class=\"swiper\" data-settings='{\"autoplay\":false,\"speed\":700,\"direction\":\"horizontal\",\"autoHeight\":\"\",\"loop\":true,\"centeredSlides\":true,\"spaceBetween\":0,\"slidesPerView\":1,\"slidesPerGroup\":1,\"effect\":\"slide\",\"coverflowEffect\":{\"rotate\":30,\"slideShadows\":false,\"depth\":100,\"stretch\":50,\"modifier\":1},\"fadeEffect\":{\"crossFade\":true},\"zoom\":\"\",\"navigation\":{\"nextEl\":\"#gutenslider-nlki7ih91 .eedee-gutenslider-next\",\"prevEl\":\"#gutenslider-nlki7ih91 .eedee-gutenslider-prev\"},\"pagination\":{\"type\":\"bullets\",\"clickable\":true,\"dynamicBullets\":false,\"el\":\"#gutenslider-nlki7ih91 .eedee-gutenslider-pagination\"},\"pauseOnHover\":\"1\",\"watchSlidesProgress\":true,\"watchSlidesVisibility\":true,\"settingsMd\":{\"autoHeight\":\"\",\"slidesPerView\":1,\"slidesPerGroup\":1,\"spaceBetween\":0,\"loop\":true},\"settingsLg\":{\"autoHeight\":\"\",\"slidesPerView\":1,\"slidesPerGroup\":1,\"spaceBetween\":0,\"loop\":true},\"hasLg\":false,\"hasLgCounter\":true,\"isFullScreen\":false,\"arrowsFollowMouse\":false,\"lgTitle\":\"none\",\"lgCaption\":\"none\",\"lgThumbnails\":true,\"lgZoomEnabled\":false,\"keyboard\":{\"keyboard\":{\"enabled\":true,\"onlyInViewport\":true}},\"hashNavigation\":false,\"dividers\":false}'><div class=\"swiper-wrapper\">\n<div class=\"swiper-slide wp-block-eedee-block-gutenslide is-position-center-center ed-bg-none\" style=\"--slide-min-width:80%;\" data-hash=\"\"><div class=\"eedee-background-div no-media-background\"><div class=\"eedee-background-div__overlay\" style=\"opacity:1;\"><\/div><\/div><div class=\"slide-content\">\n\n<div class=\"wp-block-columns alignfull are-vertically-aligned-center is-layout-flex wp-container-core-columns-layout-5 wp-block-columns-is-layout-flex\">\n<div class=\"wp-block-column is-vertically-aligned-center is-layout-flow wp-block-column-is-layout-flow\">\n<figure class=\"wp-block-image size-full is-style-rounded\"><img loading=\"lazy\" decoding=\"async\" width=\"400\" height=\"400\" src=\"https:\/\/www.janka-kistner.com\/en\/wp-content\/uploads\/sites\/2\/2022\/12\/jana-chicago.jpg\" alt=\"\" class=\"wp-image-538\" srcset=\"https:\/\/www.janka-kistner.com\/en\/wp-content\/uploads\/sites\/2\/2022\/12\/jana-chicago.jpg 400w, https:\/\/www.janka-kistner.com\/en\/wp-content\/uploads\/sites\/2\/2022\/12\/jana-chicago-300x300.jpg 300w\" sizes=\"(max-width: 400px) 100vw, 400px\" \/><\/figure>\n<\/div>\n\n\n\n<div class=\"wp-block-column is-vertically-aligned-center is-layout-flow wp-block-column-is-layout-flow\" style=\"flex-basis:70%\">\n<p>Dear Jani,&nbsp;<br>I knew The Journey book before we started talking about it. I read it and wondered how and with whom to do therapy and also whether I was even capable of doing it.<\/p>\n\n\n\n<p>After a while, I forgot about it. You, however, brought it back into my life and did therapy with me with incredible depth to heal my pain and some long-forgotten blames<a href=\"\/en\/references\">&#8230;..read more<\/a><\/p>\n\n\n\n<p class=\"jmeno\">Love, Jana (Chicago, USA)<\/p>\n<\/div>\n<\/div>\n\n<\/div><\/div>\n\n<div class=\"swiper-slide wp-block-eedee-block-gutenslide is-position-center-center ed-bg-none\" style=\"--slide-min-width:80%;\" data-hash=\"\"><div class=\"eedee-background-div no-media-background\"><div class=\"eedee-background-div__overlay\" style=\"opacity:1;\"><\/div><\/div><div class=\"slide-content\">\n\n<div class=\"wp-block-columns alignfull are-vertically-aligned-center is-layout-flex wp-container-core-columns-layout-6 wp-block-columns-is-layout-flex\">\n<div class=\"wp-block-column is-vertically-aligned-center is-layout-flow wp-block-column-is-layout-flow\">\n<figure class=\"wp-block-image size-full is-style-rounded\"><img loading=\"lazy\" decoding=\"async\" width=\"438\" height=\"438\" src=\"https:\/\/www.janka-kistner.com\/en\/wp-content\/uploads\/sites\/2\/2022\/12\/petra-geneva.jpg\" alt=\"\" class=\"wp-image-539\" srcset=\"https:\/\/www.janka-kistner.com\/en\/wp-content\/uploads\/sites\/2\/2022\/12\/petra-geneva.jpg 438w, https:\/\/www.janka-kistner.com\/en\/wp-content\/uploads\/sites\/2\/2022\/12\/petra-geneva-300x300.jpg 300w\" sizes=\"(max-width: 438px) 100vw, 438px\" \/><\/figure>\n<\/div>\n\n\n\n<div class=\"wp-block-column is-vertically-aligned-center is-layout-flow wp-block-column-is-layout-flow\" style=\"flex-basis:70%\">\n<p>Janka is an amazing therapist and working with her helped me recover from panic attacks. Janka has the gift of making me feel safe and allowing me to open up to my deepest emotions. With her help, I have moved to the other side of my greatest fear and found confidence and strength. <\/p>\n\n\n\n<p>Janka is very perceptive, sensitive and her combination of emotion work and reiki is absolutely amazing! I wish everyone had this experience where you can lean on someone like this and let go of everything.<\/p>\n\n\n\n<p class=\"jmeno\">Petra (Geneva)<\/p>\n<\/div>\n<\/div>\n\n<\/div><\/div>\n\n<div class=\"swiper-slide wp-block-eedee-block-gutenslide is-position-center-center ed-bg-none\" style=\"--slide-min-width:80%;\" data-hash=\"\"><div class=\"eedee-background-div no-media-background\"><div class=\"eedee-background-div__overlay\" style=\"opacity:1;\"><\/div><\/div><div class=\"slide-content\">\n\n<div class=\"wp-block-columns alignfull are-vertically-aligned-center is-layout-flex wp-container-core-columns-layout-7 wp-block-columns-is-layout-flex\">\n<div class=\"wp-block-column is-vertically-aligned-center is-layout-flow wp-block-column-is-layout-flow\">\n<figure class=\"wp-block-image size-full is-style-rounded\"><img loading=\"lazy\" decoding=\"async\" width=\"556\" height=\"556\" src=\"https:\/\/www.janka-kistner.com\/en\/wp-content\/uploads\/sites\/2\/2022\/12\/gabriela-italie.jpg\" alt=\"\" class=\"wp-image-540\" srcset=\"https:\/\/www.janka-kistner.com\/en\/wp-content\/uploads\/sites\/2\/2022\/12\/gabriela-italie.jpg 556w, https:\/\/www.janka-kistner.com\/en\/wp-content\/uploads\/sites\/2\/2022\/12\/gabriela-italie-300x300.jpg 300w\" sizes=\"(max-width: 556px) 100vw, 556px\" \/><\/figure>\n<\/div>\n\n\n\n<div class=\"wp-block-column is-vertically-aligned-center is-layout-flow wp-block-column-is-layout-flow\" style=\"flex-basis:70%\">\n<p>Dear Janka,<\/p>\n\n\n\n<p>thank so much for your commitment to my journey in letting go and moving past difficulties that were preventing me from being open to a reconciliation with my estranged mother. As you know just a few months after our sessions, I felt freedom to open up to the contact with my mother. We have now been in contact for over a year and are building a new relationship. There is still long ways to go but it is a start and just the fact that I feel freedom to be in contact with her is a miracle.<\/p>\n\n\n\n<p class=\"jmeno\">Gabriela (Italy)<\/p>\n<\/div>\n<\/div>\n\n<\/div><\/div>\n\n<div class=\"swiper-slide wp-block-eedee-block-gutenslide is-position-center-center ed-bg-none\" style=\"--slide-min-width:80%;\" data-hash=\"\"><div class=\"eedee-background-div no-media-background\"><div class=\"eedee-background-div__overlay\" style=\"opacity:1;\"><\/div><\/div><div class=\"slide-content\">\n\n<div class=\"wp-block-columns alignfull are-vertically-aligned-center is-layout-flex wp-container-core-columns-layout-8 wp-block-columns-is-layout-flex\">\n<div class=\"wp-block-column is-vertically-aligned-center is-layout-flow wp-block-column-is-layout-flow\">\n<figure class=\"wp-block-image size-full is-style-rounded\"><img loading=\"lazy\" decoding=\"async\" width=\"427\" height=\"427\" src=\"https:\/\/www.janka-kistner.com\/en\/wp-content\/uploads\/sites\/2\/2022\/12\/Foto-Jana.jpg\" alt=\"\" class=\"wp-image-541\" srcset=\"https:\/\/www.janka-kistner.com\/en\/wp-content\/uploads\/sites\/2\/2022\/12\/Foto-Jana.jpg 427w, https:\/\/www.janka-kistner.com\/en\/wp-content\/uploads\/sites\/2\/2022\/12\/Foto-Jana-300x300.jpg 300w\" sizes=\"(max-width: 427px) 100vw, 427px\" \/><\/figure>\n<\/div>\n\n\n\n<div class=\"wp-block-column is-vertically-aligned-center is-layout-flow wp-block-column-is-layout-flow\" style=\"flex-basis:70%\">\n<p>I met Janka at The Journey training as her trainer and she impressed me with her passion and enthusiasm for learning. Later I had her on my coaching team and admired her dedication, her willingness to help at any time, her commitment, wisdom and humility. I have been through the Journey process with Janka several times as a client and can only recommend her.<\/p>\n\n\n\n<p>Janka has always guided me lovingly, her positive and supportive attitude has been my support, her desire for truth has revealed to me the previously unrecognized, and her watchful loving attention has been my guide even in more difficult times. You are in good hands with Janka.<\/p>\n\n\n\n<p class=\"jmeno\">Jana (Czech Republic)<\/p>\n<\/div>\n<\/div>\n\n<\/div><\/div>\n\n<div class=\"swiper-slide wp-block-eedee-block-gutenslide is-position-center-center ed-bg-none\" style=\"--slide-min-width:80%;\" data-hash=\"\"><div class=\"eedee-background-div no-media-background\"><div class=\"eedee-background-div__overlay\" style=\"opacity:1;\"><\/div><\/div><div class=\"slide-content\">\n\n<div class=\"wp-block-columns alignfull are-vertically-aligned-center is-layout-flex wp-container-core-columns-layout-9 wp-block-columns-is-layout-flex\">\n<div class=\"wp-block-column is-vertically-aligned-center is-layout-flow wp-block-column-is-layout-flow\">\n<figure class=\"wp-block-image size-full is-style-rounded\"><img loading=\"lazy\" decoding=\"async\" width=\"400\" height=\"400\" src=\"https:\/\/www.janka-kistner.com\/en\/wp-content\/uploads\/sites\/2\/2022\/12\/katarina-slovensko.jpg\" alt=\"\" class=\"wp-image-542\" srcset=\"https:\/\/www.janka-kistner.com\/en\/wp-content\/uploads\/sites\/2\/2022\/12\/katarina-slovensko.jpg 400w, https:\/\/www.janka-kistner.com\/en\/wp-content\/uploads\/sites\/2\/2022\/12\/katarina-slovensko-300x300.jpg 300w\" sizes=\"(max-width: 400px) 100vw, 400px\" \/><\/figure>\n<\/div>\n\n\n\n<div class=\"wp-block-column is-vertically-aligned-center is-layout-flow wp-block-column-is-layout-flow\" style=\"flex-basis:70%\">\n<p><br>Therapies with Janka are very pleasant, full of trust and security. Janka can very accurately name and direct you to where the painful emotions and traumas are stored, which many times we ourselves are unable to detect or try to avoid.<\/p>\n\n\n\n<p>Janka is a very empathetic, understanding and sensitive therapist. She exudes calmness, acceptance, trust and incredible peace even when you are overwhelmed with your emotions. I am grateful to Janka for her patience and wonderfully guided processes, many things in my life have changed due to the views she has allowed me to see through therapy. I wholeheartedly recommend Janka to anyone who wants to change their life for the better.<\/p>\n\n\n\n<p class=\"jmeno\">Katar\u00edna (Slovakia)<\/p>\n<\/div>\n<\/div>\n\n<\/div><\/div>\n<\/div><\/div><button class=\"eedee-gutenslider-nav eedee-gutenslider-prev\"><svg xmlns=\"http:\/\/www.w3.org\/2000\/svg\" viewBox=\"0 0 24 24\" width=\"24\" height=\"24\"><circle class=\"bg\" cx=\"13\" cy=\"12\" r=\"11\" \/><path fill=\"none\" d=\"M0 0h24v24H0z\"\/><path class=\"arrow\" d=\"M10.828 12l4.95 4.95-1.414 1.414L8 12l6.364-6.364 1.414 1.414z\"\/><\/svg><\/button><button class=\"eedee-gutenslider-nav eedee-gutenslider-next\"><svg xmlns=\"http:\/\/www.w3.org\/2000\/svg\" viewBox=\"0 0 24 24\" width=\"24\" height=\"24\"><circle class=\"bg\" cx=\"11\" cy=\"12\" r=\"11\" \/><path fill=\"none\" d=\"M0 0h24v24H0z\"\/><path class=\"arrow\" d=\"M13.172 12l-4.95-4.95 1.414-1.414L16 12l-6.364 6.364-1.414-1.414z\"\/><\/svg><\/button><div class=\"eedee-gutenslider-pagination\"><\/div><div class=\"gutenslider-divider-bottom \" style=\"color:#fff;\"><\/div><\/div><\/div><\/div><\/div>\n","protected":false},"excerpt":{"rendered":"<p>WELCOME to my web site. My name is Janka Kistner, I am an accredited therapist of the Journey Method. I help people find their inner freedom. Using the Journey Method, we look at the blocks that are keeping you from living your life fully, in its full beauty and authenticity. We are each unique, and [&hellip;]<\/p>\n","protected":false},"author":1,"featured_media":0,"parent":0,"menu_order":0,"comment_status":"closed","ping_status":"closed","template":"","meta":{"footnotes":""},"_links":{"self":[{"href":"https:\/\/www.janka-kistner.com\/en\/wp-json\/wp\/v2\/pages\/47"}],"collection":[{"href":"https:\/\/www.janka-kistner.com\/en\/wp-json\/wp\/v2\/pages"}],"about":[{"href":"https:\/\/www.janka-kistner.com\/en\/wp-json\/wp\/v2\/types\/page"}],"author":[{"embeddable":true,"href":"https:\/\/www.janka-kistner.com\/en\/wp-json\/wp\/v2\/users\/1"}],"replies":[{"embeddable":true,"href":"https:\/\/www.janka-kistner.com\/en\/wp-json\/wp\/v2\/comments?post=47"}],"version-history":[{"count":132,"href":"https:\/\/www.janka-kistner.com\/en\/wp-json\/wp\/v2\/pages\/47\/revisions"}],"predecessor-version":[{"id":672,"href":"https:\/\/www.janka-kistner.com\/en\/wp-json\/wp\/v2\/pages\/47\/revisions\/672"}],"wp:attachment":[{"href":"https:\/\/www.janka-kistner.com\/en\/wp-json\/wp\/v2\/media?parent=47"}],"curies":[{"name":"wp","href":"https:\/\/api.w.org\/{rel}","templated":true}]}}